{"id":3,"date":"2024-05-30T09:09:32","date_gmt":"2024-05-30T09:09:32","guid":{"rendered":"http:\/\/outsourcesolutions.pl\/?page_id=3"},"modified":"2024-09-13T17:31:33","modified_gmt":"2024-09-13T17:31:33","slug":"privacy-policy","status":"publish","type":"page","link":"http:\/\/outsourcesolutions.pl\/de\/privacy-policy\/","title":{"rendered":"Datenschutzrichtlinie"},"content":{"rendered":"<h2 class=\"wp-block-heading\">Privacy Policy for OUTSOURCE SOLUTIONS SP. Z O.O.<\/h2>\n\n\n\n<p>Bei outsourcesolutions, erreichbar unter www.outsourcesolutions.pl, ist eine unserer Hauptpriorit\u00e4ten der Schutz der Privatsph\u00e4re unserer Besucher. Diese Datenschutzrichtlinie enth\u00e4lt die Arten von Informationen, die von outsourcesolutions gesammelt und aufgezeichnet werden, und wie wir sie verwenden.<\/p>\n\n\n\n<p>Wenn Sie weitere Fragen haben oder mehr Informationen \u00fcber unsere Datenschutzpolitik ben\u00f6tigen, z\u00f6gern Sie nicht, uns zu kontaktieren. Unsere Datenschutzerkl\u00e4rung wurde erstellt mit Hilfe von&nbsp;<a href=\"https:\/\/www.gdprprivacynotice.com\/\">GDPR-Datenschutzrichtlinien-Generator<\/a><\/p>\n\n\n\n<h2 class=\"wp-block-heading\">Allgemeine Datenschutzverordnung (GDPR)<\/h2>\n\n\n\n<p>Wir sind f\u00fcr die Datenverarbeitung Ihrer Informationen verantwortlich.<\/p>\n\n\n\n<p>OUTSOURCE SOLUTIONS SP. Z O.O. legal basis for collecting and using the personal information described in this Privacy Policy depends on the Personal Information we collect and the specific context in which we collect the information:<\/p>\n\n\n\n<ul class=\"wp-block-list\">\n<li>OUTSOURCE SOLUTIONS SP. Z O.O. needs to perform a contract with you<\/li>\n\n\n\n<li>You have given OUTSOURCE SOLUTIONS SP. Z O.O. permission to do so<\/li>\n\n\n\n<li>Processing your personal information is in OUTSOURCE SOLUTIONS SP. Z O.O. legitimate interests<\/li>\n\n\n\n<li>OUTSOURCE SOLUTIONS SP. Z O.O. needs to comply with the law<\/li>\n<\/ul>\n\n\n\n<p>OUTSOURCE SOLUTIONS SP. Z O.O. will retain your personal information only for as long as is necessary for the purposes set out in this Privacy Policy. We will retain and use your information to the extent necessary to comply with our legal obligations, resolve disputes, and enforce our policies.<\/p>\n\n\n\n<p>Wenn Sie im Europ\u00e4ischen Wirtschaftsraum (EWR) ans\u00e4ssig sind, haben Sie bestimmte Datenschutzrechte. Wenn Sie wissen m\u00f6chten, welche personenbezogenen Daten wir \u00fcber Sie gespeichert haben und wenn Sie m\u00f6chten, dass diese aus unseren Systemen entfernt werden, kontaktieren Sie uns bitte.<\/p>\n\n\n\n<p>Unter bestimmten Umst\u00e4nden haben Sie die folgenden Datenschutzrechte:<\/p>\n\n\n\n<ul class=\"wp-block-list\">\n<li>Das Recht, auf die \u00fcber Sie gespeicherten Daten zuzugreifen, sie zu aktualisieren oder zu l\u00f6schen.<\/li>\n\n\n\n<li>Das Recht auf Berichtigung.<\/li>\n\n\n\n<li>Das Recht auf Widerspruch.<\/li>\n\n\n\n<li>Das Recht auf Einschr\u00e4nkung.<\/li>\n\n\n\n<li>Das Recht auf Daten\u00fcbertragbarkeit<\/li>\n\n\n\n<li>Das Recht auf Widerruf der Zustimmung<\/li>\n<\/ul>\n\n\n\n<h3 class=\"wp-block-heading\">Log-Dateien<\/h3>\n\n\n\n<p>outsourcesolutions verwendet standardm\u00e4\u00dfig Log-Dateien. Diese Dateien protokollieren die Besucher, wenn sie Websites besuchen. Alle Hosting-Firmen tun dies und es ist ein Teil der Analytik der Hosting-Dienste. Die von den Logdateien gesammelten Informationen beinhalten Internetprotokoll (IP)-Adressen, Browsertyp, Internet Service Provider (ISP), Datum und Zeitstempel, verweisende\/verlassende Seiten und m\u00f6glicherweise die Anzahl der Klicks. Diese Daten werden nicht mit Informationen verkn\u00fcpft, die eine pers\u00f6nliche Identifizierung erm\u00f6glichen. Der Zweck dieser Informationen ist die Analyse von Trends, die Verwaltung der Website, die Verfolgung der Bewegungen der Nutzer auf der Website und die Erfassung demografischer Informationen.<\/p>\n\n\n\n<h4 class=\"wp-block-heading\">Cookies und Web Beacons<\/h4>\n\n\n\n<p>Wie jede andere Website auch, verwendet outsourcesolutions \"Cookies\". Diese Cookies werden verwendet, um Informationen zu speichern, einschlie\u00dflich der Pr\u00e4ferenzen der Besucher und der Seiten auf der Website, auf die der Besucher zugegriffen oder die er besucht hat. Die Informationen werden verwendet, um die Erfahrung des Benutzers zu optimieren, indem wir den Inhalt unserer Webseite basierend auf dem Browsertyp des Besuchers und\/oder anderen Informationen anpassen.<\/p>\n\n\n\n<h4 class=\"wp-block-heading\"><strong>Unsere Werbepartner<\/strong><\/h4>\n\n\n\n<p>Einige der Werbepartner auf unserer Website k\u00f6nnen Cookies und Web Beacons verwenden. Unsere Werbepartner sind unten aufgef\u00fchrt. Jeder unserer Werbepartner hat seine eigenen Datenschutzrichtlinien f\u00fcr den Umgang mit Nutzerdaten. Um den Zugang zu erleichtern, haben wir unten einen Hyperlink zu ihren Datenschutzrichtlinien gesetzt.<\/p>\n\n\n\n<ul class=\"wp-block-list\">\n<li>Google: <a href=\"https:\/\/policies.google.com\/technologies\/ads\">https:\/\/policies.google.com\/technologies\/ads<\/a><\/li>\n\n\n\n<li>Google Tag Manager is a solution with which we can manage so-called website tags via an interface and thus integrate Google Analytics and other Google marketing services into our online offering. The Tag Manager itself, which implements the tags, does not process any personal data of users. With regard to the processing of users&#8217; personal data, reference is made to the following information on Google services. Usage guidelines:<a href=\" https:\/\/www.google.com\/intl\/de\/tagmanager\/use-policy.html\"> https:\/\/www.google.com\/intl\/de\/tagmanager\/use-policy.html<\/a>.<\/li>\n\n\n\n<li>&#8220;Leadinfo:<br>We use the lead generation service from Leadinfo B.V., Rotterdam, Netherlands. This recognizes visits from companies to our website based on IP addresses and shows us publicly available information, such as company names or addresses. In addition, Leadinfo sets two first-party cookies to evaluate user behavior on our website and processes domains from form entries (e.g. &#8220;leadinfo.com&#8221;) in order to correlate IP addresses with companies and improve services. You can find more information at www.leadinfo.com. On this page: <a href=\"http:\/\/www.leadinfo.com\/en\/opt-out\" title=\"www.leadinfo.com\/en\/opt-out\">www.leadinfo.com\/en\/opt-out<\/a> you have an opt-out option. In the event of an opt-out, your data will no longer be recorded by Leadinfo.&#8221;<\/li>\n\n\n\n<li>Linkedin: <a href=\"https:\/\/www.linkedin.com\/psettings\/guest-controls\/retargeting-opt-out\" target=\"_blank\" rel=\"noreferrer noopener\">https:\/\/www.linkedin.com\/psettings\/guest-controls\/retargeting-opt-out<\/a>.<\/li>\n\n\n\n<li>Facebook: <a href=\"https:\/\/de-de.facebook.com\/about\/privacy\" target=\"_blank\" rel=\"noreferrer noopener\">de.facebook.com\/about\/privacy<\/a><\/li>\n\n\n\n<li>Instagram: <a href=\"https:\/\/instagram.com\/about\/legal\/privacy\/\" target=\"_blank\" rel=\"noreferrer noopener\">http:\/\/instagram.com\/about\/legal\/privacy\/<\/a><\/li>\n<\/ul>\n\n\n\n<h2 class=\"wp-block-heading\">Richtlinien zum Datenschutz<\/h2>\n\n\n\n<p>Sie k\u00f6nnen diese Liste konsultieren, um die Datenschutzbestimmungen f\u00fcr jeden der Werbepartner von outsourcesolutions zu finden.<\/p>\n\n\n\n<p>Werbeserver oder Werbenetzwerke von Drittanbietern verwenden Technologien wie Cookies, JavaScript oder Web Beacons, die in ihren jeweiligen Werbeanzeigen und Links, die auf outsourcesolutions erscheinen, verwendet werden und direkt an den Browser der Nutzer gesendet werden. Sie erhalten automatisch Ihre IP-Adresse, wenn dies geschieht. Diese Technologien werden verwendet, um die Effektivit\u00e4t ihrer Werbekampagnen zu messen und\/oder die Werbeinhalte zu personalisieren, die Sie auf den von Ihnen besuchten Websites sehen.<\/p>\n\n\n\n<p>A general objection to the use of cookies used for online marketing purposes can be made for a large number of services, especially in the case of tracking, via the US website <a href=\"http:\/\/www.aboutads.info\/choices\/\">http:\/\/www.aboutads.info\/choices\/<\/a> or the EU website <a href=\"http:\/\/www.youronlinechoices.com\/ \">http:\/\/www.youronlinechoices.com\/ <\/a>can be explained. Furthermore, the storage of cookies can be achieved by switching them off in the browser settings. Please note that not all functions of this online offer may then be able to be used.<\/p>\n\n\n\n<p><strong>Note that Outsource Solutions Sp. z o.o. has no access to or control over these cookies that are used by third-party advertisers.<\/strong><\/p>\n\n\n\n<h2 class=\"wp-block-heading\">Datenschutzrichtlinien von Dritten<\/h2>\n\n\n\n<p>Die Datenschutzpolitik von outsourcesolutions gilt nicht f\u00fcr andere Werbetreibende oder Websites. Daher raten wir Ihnen, die jeweiligen Datenschutzrichtlinien dieser Werbeserver Dritter zu konsultieren, um weitere Informationen zu erhalten. Diese k\u00f6nnen deren Praktiken und Anweisungen dar\u00fcber enthalten, wie Sie bestimmte Optionen ausschalten k\u00f6nnen.<\/p>\n\n\n\n<p>Sie k\u00f6nnen Cookies \u00fcber Ihre individuellen Browseroptionen deaktivieren. Ausf\u00fchrlichere Informationen zur Cookie-Verwaltung mit bestimmten Webbrowsern finden Sie auf den jeweiligen Websites der Browser.<\/p>\n\n\n\n<h2 class=\"wp-block-heading\">Informationen f\u00fcr Kinder<\/h2>\n\n\n\n<p>Ein weiterer Teil unserer Priorit\u00e4t ist der Schutz von Kindern bei der Nutzung des Internets. Wir ermutigen Eltern und Erziehungsberechtigte, ihre Online-Aktivit\u00e4ten zu beobachten, daran teilzunehmen und\/oder sie zu \u00fcberwachen und zu leiten.<\/p>\n\n\n\n<p>outsourcesolutions sammelt nicht wissentlich personenbezogene Daten von Kindern unter 13 Jahren. Wenn Sie glauben, dass Ihr Kind diese Art von Informationen auf unserer Website zur Verf\u00fcgung gestellt hat, empfehlen wir Ihnen dringend, uns sofort zu kontaktieren, und wir werden unser Bestes tun, um solche Informationen umgehend aus unseren Unterlagen zu entfernen.<\/p>\n\n\n\n<h2 class=\"wp-block-heading\">Nur Online-Datenschutzerkl\u00e4rung<\/h2>\n\n\n\n<p>Unsere Datenschutzpolitik bezieht sich nur auf unsere Online-Aktivit\u00e4ten und gilt f\u00fcr Besucher unserer Website in Bezug auf die Informationen, die sie in outsourcesolutions teilen und\/oder sammeln. Diese Richtlinie ist nicht auf Informationen anwendbar, die offline oder \u00fcber andere Kan\u00e4le als diese Website gesammelt werden.<\/p>\n\n\n\n<h2 class=\"wp-block-heading\">Imprint Outsource Solutions Sp. z o.o.<\/h2>\n\n\n\n<div class=\"wp-block-group is-vertical is-layout-flex wp-container-core-group-is-layout-8cf370e7 wp-block-group-is-layout-flex\">\n<p>Outsource Solutions Sp. z o.o. <\/p>\n\n\n\n<p>ul. Szara 10, 00-420 Warsaw<\/p>\n\n\n\n<p>NIP: 7011203561<\/p>\n\n\n\n<p>KRS: 0001103945<\/p>\n\n\n\n<p>Share capital: 10.000 PLN<\/p>\n\n\n\n<p>Jurisdiction: Warsaw<\/p>\n<\/div>\n\n\n\n<h2 class=\"wp-block-heading\">Zustimmung<\/h2>\n\n\n\n<p>Durch die Nutzung unserer Website erkl\u00e4ren Sie sich mit unserer Datenschutzrichtlinie einverstanden und stimmen deren Bedingungen zu.<\/p>\n\n\n\n<h5 class=\"wp-block-heading\"><strong>Design, Technologie<\/strong>, <strong>und Programmierung<\/strong><\/h5>\n\n\n\n<p>Agentur Talenko <br>Webgestaltung und Online-Marketing<\/p>\n\n\n\n<p><a href=\"http:\/\/www.talenkoagency.com\">www.talenkoagency.com<\/a><\/p>\n\n\n\n<p>Erzeugt durch&nbsp;<a href=\"https:\/\/www.gdprprivacynotice.com\/\">GDPR-Datenschutzhinweis<\/a><\/p>\n\n\n\n<p><\/p>","protected":false},"excerpt":{"rendered":"<p>Privacy Policy for OUTSOURCE SOLUTIONS SP. Z O.O. At outsourcesolutions, accessible from www.outsourcesolutions.pl, one of our main priorities is the privacy of our visitors. This Privacy Policy document contains types of information that is collected and recorded by outsourcesolutions and how we use it. If you have additional questions or require more information about our [&hellip;]<\/p>","protected":false},"author":1,"featured_media":0,"parent":0,"menu_order":0,"comment_status":"closed","ping_status":"open","template":"page-imprint.php","meta":{"footnotes":""},"class_list":["post-3","page","type-page","status-publish","hentry"],"aioseo_notices":[],"_links":{"self":[{"href":"http:\/\/outsourcesolutions.pl\/de\/wp-json\/wp\/v2\/pages\/3","targetHints":{"allow":["GET"]}}],"collection":[{"href":"http:\/\/outsourcesolutions.pl\/de\/wp-json\/wp\/v2\/pages"}],"about":[{"href":"http:\/\/outsourcesolutions.pl\/de\/wp-json\/wp\/v2\/types\/page"}],"author":[{"embeddable":true,"href":"http:\/\/outsourcesolutions.pl\/de\/wp-json\/wp\/v2\/users\/1"}],"replies":[{"embeddable":true,"href":"http:\/\/outsourcesolutions.pl\/de\/wp-json\/wp\/v2\/comments?post=3"}],"version-history":[{"count":9,"href":"http:\/\/outsourcesolutions.pl\/de\/wp-json\/wp\/v2\/pages\/3\/revisions"}],"predecessor-version":[{"id":809,"href":"http:\/\/outsourcesolutions.pl\/de\/wp-json\/wp\/v2\/pages\/3\/revisions\/809"}],"wp:attachment":[{"href":"http:\/\/outsourcesolutions.pl\/de\/wp-json\/wp\/v2\/media?parent=3"}],"curies":[{"name":"wp","href":"https:\/\/api.w.org\/{rel}","templated":true}]}}